{"id":1653,"date":"2025-08-10T11:34:30","date_gmt":"2025-08-10T11:34:30","guid":{"rendered":"https:\/\/mbscorporateservices.com\/en\/?page_id=1653"},"modified":"2025-08-13T19:33:24","modified_gmt":"2025-08-13T19:33:24","slug":"lithuania","status":"publish","type":"page","link":"https:\/\/mbscorporateservices.com\/en\/our-jurisdictions\/lithuania\/","title":{"rendered":"Lithuania"},"content":{"rendered":"\t\t<div data-elementor-type=\"wp-page\" data-elementor-id=\"1653\" class=\"elementor elementor-1653\" data-elementor-post-type=\"page\">\n\t\t\t\t<div class=\"elementor-element elementor-element-6ee212a5 e-flex e-con-boxed e-con e-parent\" data-id=\"6ee212a5\" data-element_type=\"container\" data-e-type=\"container\">\n\t\t\t\t\t<div class=\"e-con-inner\">\n\t\t\t\t<div class=\"elementor-element elementor-element-7e42aee6 e-n-tabs-mobile elementor-widget elementor-widget-n-tabs\" data-id=\"7e42aee6\" data-element_type=\"widget\" data-e-type=\"widget\" data-settings=\"{&quot;tabs_justify_horizontal&quot;:&quot;start&quot;,&quot;horizontal_scroll&quot;:&quot;disable&quot;}\" data-widget_type=\"nested-tabs.default\">\n\t\t\t\t\t\t\t<div class=\"e-n-tabs\" data-widget-number=\"2118299366\" aria-label=\"Tabs. Open items with Enter or Space, close with Escape and navigate using the Arrow keys.\">\n\t\t\t<div class=\"e-n-tabs-heading\" role=\"tablist\">\n\t\t\t\t\t<button id=\"e-n-tab-title-21182993661\" data-tab-title-id=\"e-n-tab-title-21182993661\" class=\"e-n-tab-title\" aria-selected=\"true\" data-tab-index=\"1\" role=\"tab\" tabindex=\"0\" aria-controls=\"e-n-tab-content-21182993661\" style=\"--n-tabs-title-order: 1;\">\n\t\t\t\t\t\t<span class=\"e-n-tab-title-text\">\n\t\t\t\tLithuania\t\t\t<\/span>\n\t\t<\/button>\n\t\t\t\t<button id=\"e-n-tab-title-21182993662\" data-tab-title-id=\"e-n-tab-title-21182993662\" class=\"e-n-tab-title\" aria-selected=\"false\" data-tab-index=\"2\" role=\"tab\" tabindex=\"-1\" aria-controls=\"e-n-tab-content-21182993662\" style=\"--n-tabs-title-order: 2;\">\n\t\t\t\t\t\t<span class=\"e-n-tab-title-text\">\n\t\t\t\tTaxation and Accounting\t\t\t<\/span>\n\t\t<\/button>\n\t\t\t\t<button id=\"e-n-tab-title-21182993663\" data-tab-title-id=\"e-n-tab-title-21182993663\" class=\"e-n-tab-title\" aria-selected=\"false\" data-tab-index=\"3\" role=\"tab\" tabindex=\"-1\" aria-controls=\"e-n-tab-content-21182993663\" style=\"--n-tabs-title-order: 3;\">\n\t\t\t\t\t\t<span class=\"e-n-tab-title-text\">\n\t\t\t\tEconomic Activity\t\t\t<\/span>\n\t\t<\/button>\n\t\t\t\t<button id=\"e-n-tab-title-21182993664\" data-tab-title-id=\"e-n-tab-title-21182993664\" class=\"e-n-tab-title\" aria-selected=\"false\" data-tab-index=\"4\" role=\"tab\" tabindex=\"-1\" aria-controls=\"e-n-tab-content-21182993664\" style=\"--n-tabs-title-order: 4;\">\n\t\t\t\t\t\t<span class=\"e-n-tab-title-text\">\n\t\t\t\tStrengths and Challenges\t\t\t<\/span>\n\t\t<\/button>\n\t\t\t\t<button id=\"e-n-tab-title-21182993665\" data-tab-title-id=\"e-n-tab-title-21182993665\" class=\"e-n-tab-title\" aria-selected=\"false\" data-tab-index=\"5\" role=\"tab\" tabindex=\"-1\" aria-controls=\"e-n-tab-content-21182993665\" style=\"--n-tabs-title-order: 5;\">\n\t\t\t\t\t\t<span class=\"e-n-tab-title-text\">\n\t\t\t\tMarket and Legislation\t\t\t<\/span>\n\t\t<\/button>\n\t\t\t\t\t<\/div>\n\t\t\t<div class=\"e-n-tabs-content\">\n\t\t\t\t<div id=\"e-n-tab-content-21182993661\" role=\"tabpanel\" aria-labelledby=\"e-n-tab-title-21182993661\" data-tab-index=\"1\" style=\"--n-tabs-title-order: 1;\" class=\"e-active elementor-element elementor-element-13ce4cde e-con-full e-flex e-con e-child\" data-id=\"13ce4cde\" data-element_type=\"container\" data-e-type=\"container\">\n\t\t<div class=\"elementor-element elementor-element-2eef23d2 e-flex e-con-boxed e-con e-child\" data-id=\"2eef23d2\" data-element_type=\"container\" data-e-type=\"container\">\n\t\t\t\t\t<div class=\"e-con-inner\">\n\t\t\t\t<div class=\"elementor-element elementor-element-5947493a elementor-widget elementor-widget-text-editor\" data-id=\"5947493a\" data-element_type=\"widget\" data-e-type=\"widget\" data-widget_type=\"text-editor.default\">\n\t\t\t\t\t\t\t\t\t<div id=\"tab-687dee5f0c0a7-1\" class=\"ui-tabs-panel ui-corner-bottom ui-widget-content\" role=\"tabpanel\" aria-labelledby=\"ui-id-1\" aria-hidden=\"false\" data-rocket-lazy-bg-86cda159-d275-4ecb-984e-c8b3a688cde9=\"loaded\"><div id=\"tab-687f5b8a8a452-1\" class=\"ui-tabs-panel ui-corner-bottom ui-widget-content\" role=\"tabpanel\" aria-labelledby=\"ui-id-1\" aria-hidden=\"false\" data-rocket-lazy-bg-b5e10c3e-526c-45d4-a4b9-c6ed132b7b6b=\"loaded\"><div id=\"tab-68982059ea353-1\" class=\"ui-tabs-panel ui-corner-bottom ui-widget-content\" role=\"tabpanel\" aria-labelledby=\"ui-id-1\" aria-hidden=\"false\" data-rocket-lazy-bg-91bd2610-100c-4b5a-be78-e682c36c9cb6=\"loaded\"><h4>Introduction to Lithuania<\/h4><p>Formerly a Soviet bloc country, Lithuania is the southernmost of the Baltic States, bordering Poland, Latvia, and Belarus. Its capital is Vilnius, and its population was about 2.71 million in 2023.Lithuania joined the EU and NATO in 2004. It is also a member of the Eurozone, the UN, the World Trade Organization (WTO), the Council of Europe, the Schengen Area, and the OECD.<\/p><h4>Lithuania: An Onshore Location<\/h4><p>The corporate tax rate in Lithuania is attractive, making it a strategic incentive for foreign investors to domicile their companies there. Moreover, most Lithuanian banks offer attractive deals for companies managed by foreign entrepreneurs, allowing them access to the entire European market.<\/p><h4>Different Types of Companies in Lithuania<\/h4><table><tbody><tr><th>Legal Form<\/th><th>Capital<\/th><th>Shareholders<\/th><\/tr><tr><td>Sole Proprietorship<\/td><td>No minimum<\/td><td>Entrepreneur with unlimited liability<\/td><\/tr><tr><td>Private Limited Company (UAB)<\/td><td>Minimum \u20ac2,500 of which 25% must be deposited in a bank account. Divisible into shares that cannot be traded or offered for public sale.<\/td><td>2 or more partners<\/td><\/tr><tr><td>General Partnership (TUB)<\/td><td>No minimum<\/td><td>Partners with equal liability and contributions<\/td><\/tr><tr><td>Limited Partnership (KUB)<\/td><td>No minimum<\/td><td>2 or more partners with different roles (silent with limited liability and general with unlimited liability)<\/td><\/tr><tr><td>Public Limited Company<\/td><td>\u20ac43,450<\/td><td>No minimum. Liability according to capital contribution. Freely transferable shares.<\/td><\/tr><\/tbody><\/table><p>\u00a0<\/p><p>Link : <a href=\"https:\/\/commercialregister.kompany.com\/en\/sea_k01?geo=LT&amp;gclid=CjwKCAiAvoqsBhB9EiwA9XTWGboZc2Wr39lrJ0S8eGf3BfTOLHJrNm2HrJgvjYoTgFfMmu-rfQr1PRoCVBoQAvD_BwE\" target=\"_blank\" rel=\"noopener\">Commercial Register<\/a><\/p><\/div><\/div><\/div>\t\t\t\t\t\t\t\t<\/div>\n\t\t\t\t\t<\/div>\n\t\t\t\t<\/div>\n\t\t\t\t<\/div>\n\t\t<div id=\"e-n-tab-content-21182993662\" role=\"tabpanel\" aria-labelledby=\"e-n-tab-title-21182993662\" data-tab-index=\"2\" style=\"--n-tabs-title-order: 2;\" class=\" elementor-element elementor-element-268f61a e-con-full e-flex e-con e-child\" data-id=\"268f61a\" data-element_type=\"container\" data-e-type=\"container\">\n\t\t<div class=\"elementor-element elementor-element-2060b24a e-flex e-con-boxed e-con e-child\" data-id=\"2060b24a\" data-element_type=\"container\" data-e-type=\"container\">\n\t\t\t\t\t<div class=\"e-con-inner\">\n\t\t\t\t<div class=\"elementor-element elementor-element-67b7877e elementor-widget elementor-widget-text-editor\" data-id=\"67b7877e\" data-element_type=\"widget\" data-e-type=\"widget\" data-widget_type=\"text-editor.default\">\n\t\t\t\t\t\t\t\t\t<div id=\"tab-687f5b8a8a452-2\" class=\"ui-tabs-panel ui-corner-bottom ui-widget-content\" role=\"tabpanel\" aria-labelledby=\"ui-id-2\" aria-hidden=\"false\" data-rocket-lazy-bg-b5e10c3e-526c-45d4-a4b9-c6ed132b7b6b=\"loaded\"><div id=\"tab-68982059ea353-2\" class=\"ui-tabs-panel ui-corner-bottom ui-widget-content\" role=\"tabpanel\" aria-labelledby=\"ui-id-2\" aria-hidden=\"false\" data-rocket-lazy-bg-91bd2610-100c-4b5a-be78-e682c36c9cb6=\"loaded\"><h4>Taxation and Accounting<\/h4><ul><li>Non-residents are taxed on Lithuanian-source income (permanent establishment) or other income not from a permanent establishment.<\/li><li>There are two income tax rates: 15% for distributed profits, interests, sports or artistic activities, royalties, sales or rentals, or other transfers of property, and pensions paid from Lithuanian pension funds; 33% for other sources of income.<\/li><li>Lithuanian entities are taxed on their worldwide income, and foreign entities on their Lithuanian operations through a permanent establishment. Additionally, certain foreign entity incomes received in Lithuania but not via a permanent establishment are subject to a 10% withholding tax, and dividends and other distributed incomes: 15%.<\/li><li>VAT rates in Lithuania are 21% + two reduced rates: 9% and 5%.<\/li><\/ul><\/div><\/div>\t\t\t\t\t\t\t\t<\/div>\n\t\t\t\t\t<\/div>\n\t\t\t\t<\/div>\n\t\t\t\t<\/div>\n\t\t<div id=\"e-n-tab-content-21182993663\" role=\"tabpanel\" aria-labelledby=\"e-n-tab-title-21182993663\" data-tab-index=\"3\" style=\"--n-tabs-title-order: 3;\" class=\" elementor-element elementor-element-278dfa34 e-flex e-con-boxed e-con e-child\" data-id=\"278dfa34\" data-element_type=\"container\" data-e-type=\"container\">\n\t\t\t\t\t<div class=\"e-con-inner\">\n\t\t<div class=\"elementor-element elementor-element-4af8ea72 e-con-full e-flex e-con e-child\" data-id=\"4af8ea72\" data-element_type=\"container\" data-e-type=\"container\">\n\t\t\t\t<div class=\"elementor-element elementor-element-16139694 elementor-widget elementor-widget-text-editor\" data-id=\"16139694\" data-element_type=\"widget\" data-e-type=\"widget\" data-widget_type=\"text-editor.default\">\n\t\t\t\t\t\t\t\t\t<div id=\"tab-687dee5f0c0a7-6\" class=\"ui-tabs-panel ui-corner-bottom ui-widget-content\" role=\"tabpanel\" aria-labelledby=\"ui-id-6\" aria-hidden=\"false\" data-rocket-lazy-bg-86cda159-d275-4ecb-984e-c8b3a688cde9=\"loaded\"><div id=\"tab-687f5b8a8a452-3\" class=\"ui-tabs-panel ui-corner-bottom ui-widget-content\" role=\"tabpanel\" aria-labelledby=\"ui-id-3\" aria-hidden=\"false\" data-rocket-lazy-bg-b5e10c3e-526c-45d4-a4b9-c6ed132b7b6b=\"loaded\"><div id=\"tab-68982059ea353-3\" class=\"ui-tabs-panel ui-corner-bottom ui-widget-content\" role=\"tabpanel\" aria-labelledby=\"ui-id-3\" aria-hidden=\"false\" data-rocket-lazy-bg-91bd2610-100c-4b5a-be78-e682c36c9cb6=\"loaded\"><h4>Economic Activity<\/h4><p>Lithuania is currently considered one of the fastest-growing FinTech centers in Europe. In 2020, there were 230 FinTech startups operating in Lithuania, employing over 4,000 people. Known for having the world&#8217;s fastest WIFI and the highest internet bandwidth in the EU, Lithuania ranks 4th in the international fintech rankings. The country offers a perfect mix of infrastructure solutions for startups, encouraging growth in a science and innovation-valuing environment, along with technology parks, accelerators, co-working spaces, and hubs. Additionally, Lithuania has numerous companies specializing in electronic manufacturing services (EMS) producing industrial electronic and telecommunications equipment. Niches such as defense and medical electronics are booming, as well as high-end consumer electronics and computer storage. In 2021, Lithuania exported goods worth \u20ac31.2 billion, with its main imports coming from Poland, Germany, Russia, and Latvia.<\/p><\/div><\/div><\/div>\t\t\t\t\t\t\t\t<\/div>\n\t\t\t\t<\/div>\n\t\t\t\t\t<\/div>\n\t\t\t\t<\/div>\n\t\t<div id=\"e-n-tab-content-21182993664\" role=\"tabpanel\" aria-labelledby=\"e-n-tab-title-21182993664\" data-tab-index=\"4\" style=\"--n-tabs-title-order: 4;\" class=\" elementor-element elementor-element-420c136 e-flex e-con-boxed e-con e-child\" data-id=\"420c136\" data-element_type=\"container\" data-e-type=\"container\">\n\t\t\t\t\t<div class=\"e-con-inner\">\n\t\t<div class=\"elementor-element elementor-element-23dcca4 e-con-full e-flex e-con e-child\" data-id=\"23dcca4\" data-element_type=\"container\" data-e-type=\"container\">\n\t\t\t\t<div class=\"elementor-element elementor-element-26d98fb elementor-widget elementor-widget-text-editor\" data-id=\"26d98fb\" data-element_type=\"widget\" data-e-type=\"widget\" data-widget_type=\"text-editor.default\">\n\t\t\t\t\t\t\t\t\t<div id=\"tab-687dee5f0c0a7-6\" class=\"ui-tabs-panel ui-corner-bottom ui-widget-content\" role=\"tabpanel\" aria-labelledby=\"ui-id-6\" aria-hidden=\"false\" data-rocket-lazy-bg-86cda159-d275-4ecb-984e-c8b3a688cde9=\"loaded\"><div id=\"tab-687f5b8a8a452-3\" class=\"ui-tabs-panel ui-corner-bottom ui-widget-content\" role=\"tabpanel\" aria-labelledby=\"ui-id-3\" aria-hidden=\"false\" data-rocket-lazy-bg-b5e10c3e-526c-45d4-a4b9-c6ed132b7b6b=\"loaded\"><div id=\"tab-68982059ea353-3\" class=\"ui-tabs-panel ui-corner-bottom ui-widget-content\" role=\"tabpanel\" aria-labelledby=\"ui-id-3\" aria-hidden=\"false\" data-rocket-lazy-bg-91bd2610-100c-4b5a-be78-e682c36c9cb6=\"loaded\"><div id=\"tab-68982059ea353-4\" class=\"ui-tabs-panel ui-corner-bottom ui-widget-content\" role=\"tabpanel\" aria-labelledby=\"ui-id-4\" aria-hidden=\"false\" data-rocket-lazy-bg-91bd2610-100c-4b5a-be78-e682c36c9cb6=\"loaded\"><h4>Strengths and Challenges<\/h4><p>Strengths include a well-trained, competent, and often multilingual workforce, excellent telecommunications infrastructure, rich natural resources, and special economic measures for investors in the technology sector.<\/p><p>The main challenge is intense competition with Scandinavian countries.<\/p><\/div><\/div><\/div><\/div>\t\t\t\t\t\t\t\t<\/div>\n\t\t\t\t<\/div>\n\t\t\t\t\t<\/div>\n\t\t\t\t<\/div>\n\t\t<div id=\"e-n-tab-content-21182993665\" role=\"tabpanel\" aria-labelledby=\"e-n-tab-title-21182993665\" data-tab-index=\"5\" style=\"--n-tabs-title-order: 5;\" class=\" elementor-element elementor-element-6b0e2bd e-flex e-con-boxed e-con e-child\" data-id=\"6b0e2bd\" data-element_type=\"container\" data-e-type=\"container\">\n\t\t\t\t\t<div class=\"e-con-inner\">\n\t\t<div class=\"elementor-element elementor-element-c8d1b1a e-con-full e-flex e-con e-child\" data-id=\"c8d1b1a\" data-element_type=\"container\" data-e-type=\"container\">\n\t\t\t\t<div class=\"elementor-element elementor-element-4f34af3 elementor-widget elementor-widget-text-editor\" data-id=\"4f34af3\" data-element_type=\"widget\" data-e-type=\"widget\" data-widget_type=\"text-editor.default\">\n\t\t\t\t\t\t\t\t\t<div id=\"tab-687dee5f0c0a7-6\" class=\"ui-tabs-panel ui-corner-bottom ui-widget-content\" role=\"tabpanel\" aria-labelledby=\"ui-id-6\" aria-hidden=\"false\" data-rocket-lazy-bg-86cda159-d275-4ecb-984e-c8b3a688cde9=\"loaded\"><div id=\"tab-687f5b8a8a452-3\" class=\"ui-tabs-panel ui-corner-bottom ui-widget-content\" role=\"tabpanel\" aria-labelledby=\"ui-id-3\" aria-hidden=\"false\" data-rocket-lazy-bg-b5e10c3e-526c-45d4-a4b9-c6ed132b7b6b=\"loaded\"><div id=\"tab-68982059ea353-3\" class=\"ui-tabs-panel ui-corner-bottom ui-widget-content\" role=\"tabpanel\" aria-labelledby=\"ui-id-3\" aria-hidden=\"false\" data-rocket-lazy-bg-91bd2610-100c-4b5a-be78-e682c36c9cb6=\"loaded\"><div id=\"tab-68982059ea353-4\" class=\"ui-tabs-panel ui-corner-bottom ui-widget-content\" role=\"tabpanel\" aria-labelledby=\"ui-id-4\" aria-hidden=\"false\" data-rocket-lazy-bg-91bd2610-100c-4b5a-be78-e682c36c9cb6=\"loaded\"><div id=\"tab-68982059ea353-5\" class=\"ui-tabs-panel ui-corner-bottom ui-widget-content\" role=\"tabpanel\" aria-labelledby=\"ui-id-5\" aria-hidden=\"false\" data-rocket-lazy-bg-91bd2610-100c-4b5a-be78-e682c36c9cb6=\"loaded\"><h4>Market and Legislation<\/h4><p>After a significant post-Covid rebound in 2021, the outlook changed drastically with Russia&#8217;s invasion of Ukraine, affecting trade flows with Russia and Belarus. This situation has led to high inflation, particularly due to rising energy prices. Due to its border with Belarus and the Russian enclave of Kaliningrad, Lithuania faces significant geopolitical security issues. EU and NATO membership limits the threat of military confrontation, but Lithuania maintains a very hostile stance toward Russia.<\/p><p>The President of the Republic of Lithuania (Gitanas Naus\u0117da) is directly elected for 5 years (no more than two terms). The Prime Minister (Ms. Ingrida \u0160imonyt\u0117) is appointed and removed by the President with the approval of the Seimas, the Lithuanian Parliament.<\/p><\/div><\/div><\/div><\/div><\/div>\t\t\t\t\t\t\t\t<\/div>\n\t\t\t\t<\/div>\n\t\t\t\t\t<\/div>\n\t\t\t\t<\/div>\n\t\t\t\t\t<\/div>\n\t\t<\/div>\n\t\t\t\t\t\t<\/div>\n\t\t\t\t\t<\/div>\n\t\t\t\t<\/div>\n\t\t\t\t<\/div>\n\t\t","protected":false},"excerpt":{"rendered":"<p>Lithuania Taxation and Accounting Economic Activity Strengths and Challenges Market and Legislation Introduction to Lithuania Formerly a Soviet bloc country, Lithuania is the southernmost of the Baltic States, bordering Poland, Latvia, and Belarus. Its capital is Vilnius, and its population was about 2.71 million in 2023.Lithuania joined the EU and NATO in 2004. It is [&hellip;]<\/p>\n","protected":false},"author":1,"featured_media":0,"parent":1499,"menu_order":0,"comment_status":"closed","ping_status":"closed","template":"","meta":{"_acf_changed":false,"footnotes":""},"class_list":["post-1653","page","type-page","status-publish","hentry"],"acf":[],"_links":{"self":[{"href":"https:\/\/mbscorporateservices.com\/en\/wp-json\/wp\/v2\/pages\/1653","targetHints":{"allow":["GET"]}}],"collection":[{"href":"https:\/\/mbscorporateservices.com\/en\/wp-json\/wp\/v2\/pages"}],"about":[{"href":"https:\/\/mbscorporateservices.com\/en\/wp-json\/wp\/v2\/types\/page"}],"author":[{"embeddable":true,"href":"https:\/\/mbscorporateservices.com\/en\/wp-json\/wp\/v2\/users\/1"}],"replies":[{"embeddable":true,"href":"https:\/\/mbscorporateservices.com\/en\/wp-json\/wp\/v2\/comments?post=1653"}],"version-history":[{"count":5,"href":"https:\/\/mbscorporateservices.com\/en\/wp-json\/wp\/v2\/pages\/1653\/revisions"}],"predecessor-version":[{"id":1684,"href":"https:\/\/mbscorporateservices.com\/en\/wp-json\/wp\/v2\/pages\/1653\/revisions\/1684"}],"up":[{"embeddable":true,"href":"https:\/\/mbscorporateservices.com\/en\/wp-json\/wp\/v2\/pages\/1499"}],"wp:attachment":[{"href":"https:\/\/mbscorporateservices.com\/en\/wp-json\/wp\/v2\/media?parent=1653"}],"curies":[{"name":"wp","href":"https:\/\/api.w.org\/{rel}","templated":true}]}}